{"id":4992,"date":"2023-08-22T12:14:42","date_gmt":"2023-08-22T10:14:42","guid":{"rendered":"https:\/\/legisana.eu\/gtc\/"},"modified":"2024-06-14T10:20:22","modified_gmt":"2024-06-14T08:20:22","slug":"legal-information","status":"publish","type":"page","link":"https:\/\/legisana.eu\/en\/legal-information\/","title":{"rendered":"Mentions legales"},"content":{"rendered":"\t\t<div data-elementor-type=\"wp-page\" data-elementor-id=\"4992\" class=\"elementor elementor-4992 elementor-4488\" data-elementor-settings=\"{&quot;ha_cmc_init_switcher&quot;:&quot;no&quot;}\" data-elementor-post-type=\"page\">\n\t\t\t\t\t\t<section class=\"elementor-section elementor-top-section elementor-element elementor-element-5553818 elementor-section-boxed elementor-section-height-default elementor-section-height-default\" data-id=\"5553818\" data-element_type=\"section\" data-e-type=\"section\">\n\t\t\t\t\t\t<div class=\"elementor-container elementor-column-gap-default\">\n\t\t\t\t\t<div class=\"elementor-column elementor-col-100 elementor-top-column elementor-element elementor-element-c88b5fb\" data-id=\"c88b5fb\" data-element_type=\"column\" data-e-type=\"column\">\n\t\t\t<div class=\"elementor-widget-wrap elementor-element-populated\">\n\t\t\t\t\t\t<section class=\"elementor-section elementor-inner-section elementor-element elementor-element-d858cc3 elementor-section-boxed elementor-section-height-default elementor-section-height-default\" data-id=\"d858cc3\" data-element_type=\"section\" data-e-type=\"section\">\n\t\t\t\t\t\t<div class=\"elementor-container elementor-column-gap-default\">\n\t\t\t\t\t<div class=\"elementor-column elementor-col-100 elementor-inner-column elementor-element elementor-element-c95ed92\" data-id=\"c95ed92\" data-element_type=\"column\" data-e-type=\"column\">\n\t\t\t<div class=\"elementor-widget-wrap\">\n\t\t\t\t\t\t\t<\/div>\n\t\t<\/div>\n\t\t\t\t\t<\/div>\n\t\t<\/section>\n\t\t\t\t<div class=\"elementor-element elementor-element-774b48a elementor-widget elementor-widget-heading\" data-id=\"774b48a\" data-element_type=\"widget\" data-e-type=\"widget\" data-widget_type=\"heading.default\">\n\t\t\t\t<div class=\"elementor-widget-container\">\n\t\t\t\t\t<h2 class=\"elementor-heading-title elementor-size-default\">LEGAL INFORMATION<\/h2>\t\t\t\t<\/div>\n\t\t\t\t<\/div>\n\t\t\t\t<div class=\"elementor-element elementor-element-b91689b elementor-widget elementor-widget-text-editor\" data-id=\"b91689b\" data-element_type=\"widget\" data-e-type=\"widget\" data-widget_type=\"text-editor.default\">\n\t\t\t\t<div class=\"elementor-widget-container\">\n\t\t\t\t\t\t\t\t\t<p><span style=\"text-decoration: underline;\"><strong>Site editor :<br \/><\/strong><\/span><strong>LEGISANA<\/strong><br \/>75 rue Taitbout<br \/>75009 Paris<br \/>France<br \/>0033-(0)6-14-26-34-29<br \/>VAT : FR 01813739463<br \/>SIRET: 813 739 463 00012<\/p><p><strong>Planet Pharma by LEGISANA<\/strong><br \/>41 rue Calus<br \/>1410 Waterloo<br \/>Belgique<br \/>0032-475-43-76-14<br \/>VAT: BE 0462084937<\/p><p><span style=\"text-decoration: underline;\"><strong>Manager and legal representative :<\/strong><\/span> <br \/>Gilles Gernaey<br \/>Gilles.gernaey@legisana.eu<\/p><p><span style=\"text-decoration: underline;\"><strong>Hosted :<\/strong><\/span> <br \/><strong>Infomaniak<\/strong><br \/>25 rue Eug\u00e8ne-Marziano <br \/>1227 Geneva -SUISSE<br \/>+41-22-820-35-40<\/p><p><span style=\"text-decoration: underline;\"><br \/><strong>Data collection:<br \/><\/strong><\/span>The personal information collected, such as name, email address, company name, website is used to manage exchanges following the use of the contact form and to ensure the administrative and commercial management of requests within LEGISANA<br \/><br \/><\/p>\t\t\t\t\t\t\t\t<\/div>\n\t\t\t\t<\/div>\n\t\t\t\t\t<\/div>\n\t\t<\/div>\n\t\t\t\t\t<\/div>\n\t\t<\/section>\n\t\t\t\t<\/div>\n\t\t","protected":false},"excerpt":{"rendered":"<p>LEGAL INFORMATION Site editor :LEGISANA75 rue Taitbout75009 ParisFrance0033-(0)6-14-26-34-29VAT : FR 01813739463SIRET: 813 739 463 00012 Planet Pharma by LEGISANA41 rue Calus1410 WaterlooBelgique0032-475-43-76-14VAT: BE 0462084937 Manager and legal representative : Gilles GernaeyGilles.gernaey@legisana.eu Hosted : Infomaniak25 rue Eug\u00e8ne-Marziano 1227 Geneva -SUISSE+41-22-820-35-40 Data collection:The personal information collected, such as name, email address, company name, website is used to [&hellip;]<\/p>\n","protected":false},"author":4,"featured_media":0,"parent":0,"menu_order":0,"comment_status":"closed","ping_status":"closed","template":"","meta":{"footnotes":""},"class_list":["post-4992","page","type-page","status-publish","hentry"],"yoast_head":"<!-- This site is optimized with the Yoast SEO plugin v27.4 - https:\/\/yoast.com\/product\/yoast-seo-wordpress\/ -->\n<title>Mentions legales - Legisana<\/title>\n<meta name=\"description\" content=\"Mentions L\u00e9gales Legisana\" \/>\n<meta name=\"robots\" content=\"index, follow, max-snippet:-1, max-image-preview:large, max-video-preview:-1\" \/>\n<link rel=\"canonical\" href=\"https:\/\/legisana.eu\/en\/legal-information\/\" \/>\n<meta property=\"og:locale\" content=\"en_US\" \/>\n<meta property=\"og:type\" content=\"article\" \/>\n<meta property=\"og:title\" content=\"Mentions legales - Legisana\" \/>\n<meta property=\"og:description\" content=\"Mentions L\u00e9gales Legisana\" \/>\n<meta property=\"og:url\" content=\"https:\/\/legisana.eu\/en\/legal-information\/\" \/>\n<meta property=\"og:site_name\" content=\"Legisana\" \/>\n<meta property=\"article:modified_time\" content=\"2024-06-14T08:20:22+00:00\" \/>\n<meta name=\"twitter:card\" content=\"summary_large_image\" \/>\n<meta name=\"twitter:label1\" content=\"Est. reading time\" \/>\n\t<meta name=\"twitter:data1\" content=\"1 minute\" \/>\n<script type=\"application\/ld+json\" class=\"yoast-schema-graph\">{\"@context\":\"https:\\\/\\\/schema.org\",\"@graph\":[{\"@type\":\"WebPage\",\"@id\":\"https:\\\/\\\/legisana.eu\\\/en\\\/legal-information\\\/\",\"url\":\"https:\\\/\\\/legisana.eu\\\/en\\\/legal-information\\\/\",\"name\":\"Mentions legales - Legisana\",\"isPartOf\":{\"@id\":\"https:\\\/\\\/legisana.eu\\\/en\\\/#website\"},\"datePublished\":\"2023-08-22T10:14:42+00:00\",\"dateModified\":\"2024-06-14T08:20:22+00:00\",\"description\":\"Mentions L\u00e9gales Legisana\",\"breadcrumb\":{\"@id\":\"https:\\\/\\\/legisana.eu\\\/en\\\/legal-information\\\/#breadcrumb\"},\"inLanguage\":\"en-US\",\"potentialAction\":[{\"@type\":\"ReadAction\",\"target\":[\"https:\\\/\\\/legisana.eu\\\/en\\\/legal-information\\\/\"]}]},{\"@type\":\"BreadcrumbList\",\"@id\":\"https:\\\/\\\/legisana.eu\\\/en\\\/legal-information\\\/#breadcrumb\",\"itemListElement\":[{\"@type\":\"ListItem\",\"position\":1,\"name\":\"Accueil\",\"item\":\"https:\\\/\\\/legisana.eu\\\/en\\\/\"},{\"@type\":\"ListItem\",\"position\":2,\"name\":\"Mentions legales\"}]},{\"@type\":\"WebSite\",\"@id\":\"https:\\\/\\\/legisana.eu\\\/en\\\/#website\",\"url\":\"https:\\\/\\\/legisana.eu\\\/en\\\/\",\"name\":\"Legisana\",\"description\":\"Legisana est une soci\u00e9t\u00e9 active dans le domaine r\u00e8glementaire pour l\u2019enregistrement et la mise en conformit\u00e9 de produits de sant\u00e9 naturels\",\"potentialAction\":[{\"@type\":\"SearchAction\",\"target\":{\"@type\":\"EntryPoint\",\"urlTemplate\":\"https:\\\/\\\/legisana.eu\\\/en\\\/?s={search_term_string}\"},\"query-input\":{\"@type\":\"PropertyValueSpecification\",\"valueRequired\":true,\"valueName\":\"search_term_string\"}}],\"inLanguage\":\"en-US\"}]}<\/script>\n<!-- \/ Yoast SEO plugin. -->","yoast_head_json":{"title":"Mentions legales - Legisana","description":"Mentions L\u00e9gales Legisana","robots":{"index":"index","follow":"follow","max-snippet":"max-snippet:-1","max-image-preview":"max-image-preview:large","max-video-preview":"max-video-preview:-1"},"canonical":"https:\/\/legisana.eu\/en\/legal-information\/","og_locale":"en_US","og_type":"article","og_title":"Mentions legales - Legisana","og_description":"Mentions L\u00e9gales Legisana","og_url":"https:\/\/legisana.eu\/en\/legal-information\/","og_site_name":"Legisana","article_modified_time":"2024-06-14T08:20:22+00:00","twitter_card":"summary_large_image","twitter_misc":{"Est. reading time":"1 minute"},"schema":{"@context":"https:\/\/schema.org","@graph":[{"@type":"WebPage","@id":"https:\/\/legisana.eu\/en\/legal-information\/","url":"https:\/\/legisana.eu\/en\/legal-information\/","name":"Mentions legales - Legisana","isPartOf":{"@id":"https:\/\/legisana.eu\/en\/#website"},"datePublished":"2023-08-22T10:14:42+00:00","dateModified":"2024-06-14T08:20:22+00:00","description":"Mentions L\u00e9gales Legisana","breadcrumb":{"@id":"https:\/\/legisana.eu\/en\/legal-information\/#breadcrumb"},"inLanguage":"en-US","potentialAction":[{"@type":"ReadAction","target":["https:\/\/legisana.eu\/en\/legal-information\/"]}]},{"@type":"BreadcrumbList","@id":"https:\/\/legisana.eu\/en\/legal-information\/#breadcrumb","itemListElement":[{"@type":"ListItem","position":1,"name":"Accueil","item":"https:\/\/legisana.eu\/en\/"},{"@type":"ListItem","position":2,"name":"Mentions legales"}]},{"@type":"WebSite","@id":"https:\/\/legisana.eu\/en\/#website","url":"https:\/\/legisana.eu\/en\/","name":"Legisana","description":"Legisana est une soci\u00e9t\u00e9 active dans le domaine r\u00e8glementaire pour l\u2019enregistrement et la mise en conformit\u00e9 de produits de sant\u00e9 naturels","potentialAction":[{"@type":"SearchAction","target":{"@type":"EntryPoint","urlTemplate":"https:\/\/legisana.eu\/en\/?s={search_term_string}"},"query-input":{"@type":"PropertyValueSpecification","valueRequired":true,"valueName":"search_term_string"}}],"inLanguage":"en-US"}]}},"_links":{"self":[{"href":"https:\/\/legisana.eu\/en\/wp-json\/wp\/v2\/pages\/4992","targetHints":{"allow":["GET"]}}],"collection":[{"href":"https:\/\/legisana.eu\/en\/wp-json\/wp\/v2\/pages"}],"about":[{"href":"https:\/\/legisana.eu\/en\/wp-json\/wp\/v2\/types\/page"}],"author":[{"embeddable":true,"href":"https:\/\/legisana.eu\/en\/wp-json\/wp\/v2\/users\/4"}],"replies":[{"embeddable":true,"href":"https:\/\/legisana.eu\/en\/wp-json\/wp\/v2\/comments?post=4992"}],"version-history":[{"count":12,"href":"https:\/\/legisana.eu\/en\/wp-json\/wp\/v2\/pages\/4992\/revisions"}],"predecessor-version":[{"id":5182,"href":"https:\/\/legisana.eu\/en\/wp-json\/wp\/v2\/pages\/4992\/revisions\/5182"}],"wp:attachment":[{"href":"https:\/\/legisana.eu\/en\/wp-json\/wp\/v2\/media?parent=4992"}],"curies":[{"name":"wp","href":"https:\/\/api.w.org\/{rel}","templated":true}]}}